{"id":1714,"date":"2019-08-07T08:31:27","date_gmt":"2019-08-07T08:31:27","guid":{"rendered":"http:\/\/www.yahumodels.com\/?page_id=1714"},"modified":"2019-08-07T08:45:29","modified_gmt":"2019-08-07T08:45:29","slug":"klauzula-rodo-gdpr-compliant","status":"publish","type":"page","link":"http:\/\/www.yahumodels.com\/index.php\/klauzula-rodo-gdpr-compliant\/","title":{"rendered":"Klauzula RODO (GDPR Compliant)"},"content":{"rendered":"<h2 class=\"postitle\">RODO<\/h2>\n<p>&nbsp;<\/p>\n<p><strong>Od 25.05.2018r.\u00a0 obowi\u0105zuje \u00a0Rozporz\u0105dzenie Parlamentu Europejskiego i Rady Europy 2016\/679 z dn. 27.04.2016r. w sprawie ochrony os\u00f3b fizycznych, w zwi\u0105zku z przetwarzaniem danych osobowych i w sprawie ich swobodnego przep\u0142ywu (tzw. RODO)<\/strong><\/p>\n<p>&nbsp;<\/p>\n<p><strong>KLAUZULA INFORMACYJNA<\/strong><\/p>\n<p><strong>O przetwarzaniu danych osobowych<\/strong><\/p>\n<p><strong>Administratorem Pa\u0144stwa danych osobowych jest YAHU MODELS Urszula Bargiel z siedziba w Siemianowicach \u015al. Przy ul. Wyzwolenia 20, kod pocztowy 41-103, tel. 518\u00a0477\u00a0369, NIP 643\u00a0102 36 06, REGON 243369866, strona\u00a0<\/strong><a href=\"http:\/\/yahumodels.siemianowice.com\/\"><strong>http:\/\/yahumodels.siemianowice.com<\/strong><\/a><strong>, adres e-mail\u00a0<\/strong><a href=\"mailto:yahumodels@wp.pl\"><strong>yahumodels@wp.pl<\/strong><\/a><strong>,\u00a0\u00a0<\/strong><a href=\"mailto:yahumodels@gmail.com\"><strong>yahumodels@gmail.com<\/strong><\/a><strong>\u00a0zwany dalej Administratorem.<\/strong><\/p>\n<p><strong>1\/<\/strong><\/p>\n<p><strong>Informujemy, \u017ce Administrator przetwarza Pa\u0144stwa dane osobowe w postaci imienia, nazwiska, nazwy, adresu, adresu e-mail, identyfikator\u00f3w NIP, REGON oraz nr. telefonu<\/strong><\/p>\n<p><strong>2\/<\/strong><\/p>\n<p><strong>Podane przez Pa\u0144stwa dane osobowe w ofercie zakupowej, dokumencie zam\u00f3wienia , umieszczone na fakturze, dokumencie przewozowym, ewentualnym zg\u0142oszeniu reklamacyjnym oraz umieszczone w zbiorze zaksi\u0119gowanych dokument\u00f3w, b\u0119d\u0105 przetwarzane wy\u0142\u0105cznie w celu realizacji Pa\u0144stwa zapotrzebowania na otrzymanie oferty, z\u0142o\u017cenie zam\u00f3wienia, zakupu, dostaw\u0119 towar\u00f3w b\u0119d\u0105cych przedmiotem dzia\u0142alno\u015bci Administratora oraz spe\u0142nieniem wymog\u00f3w przepis\u00f3w dotycz\u0105cych prowadzenia ksi\u0119gowo\u015bci. Mog\u0105 te\u017c by\u0107 przetwarzane w realizacji prawnie uzasadnionego interesu Administratora, jako dochodzenie roszcze\u0144 z tytu\u0142u prowadzonej dzia\u0142alno\u015bci gospodarczej np. windykacja nale\u017cno\u015bci.<\/strong><\/p>\n<p><strong>3\/<\/strong><\/p>\n<p><strong>Podstawa prawna to<\/strong><\/p>\n<p><strong>art.6 ust.1bRODO- niezb\u0119dno\u015b\u0107 do wykonania umowy, kt\u00f3rej stron\u0105 jest osoba, kt\u00f3rej dane dotycz\u0105,<\/strong><\/p>\n<p><strong>\u00a0art.6 ust.1cRODO-niezb\u0119dno\u015b\u0107 do wype\u0142niania obowi\u0105zku prawnego zwi\u0105zanego z zachowaniem dokumentacji wymaganej przez przepisy prawa podatkowego<\/strong><\/p>\n<p><strong>art.6 ust.1fRODO- niezb\u0119dno\u015b\u0107 do realizacji prawnie uzasadnionego interesu Administratora jako dochodzenie roszcze\u0144 z tytu\u0142u prowadzonej dzia\u0142alno\u015bci gospodarczej.<\/strong><\/p>\n<p><strong>4\/<\/strong><\/p>\n<p><strong>Dost\u0119p do Pa\u0144stwa danych osobowych b\u0119dzie mia\u0142 wy\u0142\u0105cznie w\u0142a\u015bciciel , wsp\u00f3\u0142w\u0142a\u015bciciel firmy oraz upowa\u017cniona firma ksi\u0119gowa, podwykonawcy us\u0142ug przewozu towar\u00f3w<\/strong><\/p>\n<p><strong>Pa\u0144stwa dane nie b\u0119d\u0105 przekazywane do pa\u0144stwa trzeciego.<\/strong><\/p>\n<p><strong>5\/<\/strong><\/p>\n<p><strong>Pa\u0144stwa dane osobowe zawarte w dokumentach papierowych b\u0119d\u0105 przechowywane bezwzgl\u0119dnie przez okres 5 lat od zako\u0144czenia bie\u017c\u0105cego roku kalendarzowego oraz przechowywane w systemach informatycznych 5 lat od zako\u0144czenia bie\u017c\u0105cego roku kalendarzowego o ile nie skorzystaj\u0105 Pa\u0144stwo z przys\u0142uguj\u0105cego prawa do usuni\u0119cia danych osobowych.<\/strong><\/p>\n<p><strong>6\/<\/strong><\/p>\n<p><strong>Posiadaj\u0105 Pa\u0144stwo dost\u0119p do przes\u0142anych dokument\u00f3w i ich kopii, o ile nie zosta\u0142y trwale usuni\u0119te w celu zmiany informacji w nich zawartych lub trwa\u0142ego usuni\u0119cia.<\/strong><\/p>\n<p><strong>7\/<\/strong><\/p>\n<p><strong>Przys\u0142uguje Pa\u0144stwu prawo do z\u0142o\u017cenia na nas skargi do organu nadzorczego zajmuj\u0105cego si\u0119 ochrona danych osobowych, gdy uznacie Pa\u0144stwo, \u017ce przetwarzanie Pa\u0144stwa danych osobowych\u00a0 narusza przepisy Rozporz\u0105dzenia 2016\/679.<\/strong><\/p>\n<p><strong>8\/<\/strong><\/p>\n<p><strong>Przes\u0142anie przez Pa\u0144stwa danych osobowych jest warunkiem niezb\u0119dnym by zrealizowa\u0107 Pa\u0144stwa zapotrzebowanie na otrzymanie oferty, z\u0142o\u017cenie zam\u00f3wienia, zakup, dostaw\u0119 towar\u00f3w b\u0119d\u0105cych przedmiotem dzia\u0142alno\u015bci Administratora oraz spe\u0142nieniem wymog\u00f3w przepis\u00f3w dotycz\u0105cych rejestracji zdarze\u0144 gospodarczych(ksi\u0119gowo\u015b\u0107). Przekazanie danych jest dobrowolne, Administrator do\u0142o\u017cy wszelkich stara\u0144, aby przekazane dane by\u0142y chronione zgodnie z prawem.<\/strong><\/p>\n<p>&nbsp;<\/p>\n<p>&nbsp;<\/p>\n<p><strong>W razie pyta\u0144 lub w\u0105tpliwo\u015bci dotycz\u0105cych przetwarzania danych osobowych prosimy o kontakt z nasz\u0105 firm\u0105.<\/strong><\/p>\n","protected":false},"excerpt":{"rendered":"<p>RODO &nbsp; Od 25.05.2018r.\u00a0 obowi\u0105zuje \u00a0Rozporz\u0105dzenie Parlamentu Europejskiego i Rady Europy 2016\/679 z dn. 27.04.2016r. w sprawie ochrony os\u00f3b fizycznych, w zwi\u0105zku z przetwarzaniem danych osobowych i w sprawie ich swobodnego przep\u0142ywu (tzw. RODO) &nbsp; KLAUZULA INFORMACYJNA O przetwarzaniu danych osobowych Administratorem Pa\u0144stwa danych osobowych jest YAHU MODELS Urszula Bargiel z siedziba w Siemianowicach \u015al.<\/p>\n","protected":false},"author":2,"featured_media":0,"parent":0,"menu_order":0,"comment_status":"closed","ping_status":"closed","template":"","meta":{"footnotes":""},"class_list":["post-1714","page","type-page","status-publish","hentry"],"_links":{"self":[{"href":"http:\/\/www.yahumodels.com\/index.php\/wp-json\/wp\/v2\/pages\/1714","targetHints":{"allow":["GET"]}}],"collection":[{"href":"http:\/\/www.yahumodels.com\/index.php\/wp-json\/wp\/v2\/pages"}],"about":[{"href":"http:\/\/www.yahumodels.com\/index.php\/wp-json\/wp\/v2\/types\/page"}],"author":[{"embeddable":true,"href":"http:\/\/www.yahumodels.com\/index.php\/wp-json\/wp\/v2\/users\/2"}],"replies":[{"embeddable":true,"href":"http:\/\/www.yahumodels.com\/index.php\/wp-json\/wp\/v2\/comments?post=1714"}],"version-history":[{"count":2,"href":"http:\/\/www.yahumodels.com\/index.php\/wp-json\/wp\/v2\/pages\/1714\/revisions"}],"predecessor-version":[{"id":1718,"href":"http:\/\/www.yahumodels.com\/index.php\/wp-json\/wp\/v2\/pages\/1714\/revisions\/1718"}],"wp:attachment":[{"href":"http:\/\/www.yahumodels.com\/index.php\/wp-json\/wp\/v2\/media?parent=1714"}],"curies":[{"name":"wp","href":"https:\/\/api.w.org\/{rel}","templated":true}]}}